{"id":75,"date":"2020-03-03T10:13:28","date_gmt":"2020-03-03T10:13:28","guid":{"rendered":"http:\/\/web2.frangen.de\/?page_id=75"},"modified":"2020-03-03T10:13:30","modified_gmt":"2020-03-03T10:13:30","slug":"allgemeine-geschaeftsbedingungen","status":"publish","type":"page","link":"https:\/\/at-in-krefeld.de\/?page_id=75","title":{"rendered":"Allgemeine Gesch\u00e4ftsbedingungen"},"content":{"rendered":"\n<p><\/p>\n\n\n\n<p><strong>Allgemeine\nGesch\u00e4ftsbedingungen f\u00fcr Pr\u00e4ventionskurse<\/strong><\/p>\n\n\n\n<p><strong>Hinweis:<\/strong><\/p>\n\n\n\n<p><strong>Die Kosten f\u00fcr die im\nFolgenden aufgelisteten Kurse (qualit\u00e4tsgesicherte Prim\u00e4rpr\u00e4ventionskurse gem\u00e4\u00df\n\u00a7 20 Abs. 1 und 2 SGB V Prim\u00e4rpr\u00e4vention) k\u00f6nnen von den Krankenkassen bis zu\n80% f\u00fcr Erwachsene und bis zu 100% f\u00fcr Kinder \u00fcbernommen werden. Bitte\nerkundigen Sie sich vorher bei Ihrer Krankenkasse! Meine Kurse sind dort alle\ngelistet.<\/strong><\/p>\n\n\n\n<p><strong>1. Allgemeine\nKurs-Bedingungen&nbsp; &nbsp; &nbsp; &nbsp; &nbsp; &nbsp; &nbsp; &nbsp; &nbsp;\n&nbsp; &nbsp; &nbsp; &nbsp; &nbsp; &nbsp; &nbsp; &nbsp; &nbsp; &nbsp; &nbsp;\n&nbsp; &nbsp; &nbsp; &nbsp; &nbsp; &nbsp; &nbsp; &nbsp;&nbsp;<\/strong><\/p>\n\n\n\n<p>Die Kosten f\u00fcr die als\n\u201ePr\u00e4ventionskurs&#8220; gekennzeichneten Kurse (qualit\u00e4tsgesicherte\nPrim\u00e4rpr\u00e4ventionskurse gem\u00e4\u00df \u00a7 20 Abs. 1 und 2 SGB V Prim\u00e4rpr\u00e4vention) k\u00f6nnen\nvon den Krankenkassen bis zu 80% f\u00fcr Erwachsene und bis zu 100% f\u00fcr Kinder\n\u00fcbernommen werden. Bitte erkundigen Sie sich vor Kursbeginn bei Ihrer\nKrankenkasse.&nbsp;<\/p>\n\n\n\n<p><strong>2. Bezahlung &nbsp;\n&nbsp; &nbsp; &nbsp; &nbsp; &nbsp; &nbsp; &nbsp; &nbsp; &nbsp; &nbsp; &nbsp;\n&nbsp; &nbsp; &nbsp; &nbsp; &nbsp; &nbsp; &nbsp; &nbsp; &nbsp; &nbsp; &nbsp;\n&nbsp; &nbsp; &nbsp; &nbsp; &nbsp; &nbsp; &nbsp; &nbsp; &nbsp; &nbsp; &nbsp; &nbsp;\n&nbsp; &nbsp; &nbsp; &nbsp; &nbsp; &nbsp; &nbsp; &nbsp;<\/strong><\/p>\n\n\n\n<p>Die Kursgeb\u00fchren sind\nvollst\u00e4ndig vor Kursbeginn zu bezahlen durch \u00dcbverweisung. Die entsprechende\nBankverbindung finden sie auf Ihrer Rechnung. Vergessen Sie bitte nicht unter\nVerwendungszweck: Kursname und Name des Teilnehmers einzuschreiben.<\/p>\n\n\n\n<p><strong>3. Kursdurchf\u00fchrung<\/strong><\/p>\n\n\n\n<p>Ab 6 Teilnehmern\ngarantieren wir Ihnen die Kursdurchf\u00fchrung. Maximal k\u00f6nnen je nach Kursort und\nKursinhalt 6 bis max. 10 Teilnehmer am Kurs teilnehmen. R\u00fccktritt wegen\nNichterreichens der Mindestteilnehmerzahl und Absage durch den Kursanbieter:\nWir k\u00f6nnen bis 5 Tage vor Kursbeginn bei Nichterreichen der festgelegten\nMindestteilnehmerzahl vor Kursbeginn zur\u00fccktreten.&nbsp;<\/p>\n\n\n\n<p><strong>4. Kursorte<\/strong><\/p>\n\n\n\n<p>Der Kursort ist Krefeld.\nKurse werden in den R\u00e4umen der Praxis f\u00fcr Ergotherapie M.Ruhe oder dem\nTherapiezentrum am Zoo Marion Ruhe angeboten.<\/p>\n\n\n\n<p>Weitere Kursorte werden\ngesondert ausgewiesen.<br>\n<br>\n<strong>5. Wiederholung eines ausgefallenen Termins<\/strong><\/p>\n\n\n\n<p>Alle Kurse finden in\nden vorgegebenen Zeitr\u00e4umen statt.&nbsp;<strong>Nimmt ein Teilnehmer Kurstermine\nnicht wahr, k\u00f6nnen diese nicht nachgeholt werden<\/strong>. \u00c4nderungen sind nur nach\nrechtzeitiger Absprache m\u00f6glich. Bitte beachten Sie, dass bei Kosten\u00fcbernahme\ndurch die Krankenkasse mindestens 80% der Kurstermine wahrgenommen werden\nm\u00fcssen!<\/p>\n\n\n\n<p><strong>6.\nTeilnahmebest\u00e4tigung<\/strong><\/p>\n\n\n\n<p>In der letzten\nKursstunde eines Pr\u00e4ventionskurses erhalten Sie eine Teilnahmebest\u00e4tigung, die\nSie Ihrer Krankenkasse bei zugelassenen Kursen zur Kostenerstattung vorlegen\nk\u00f6nnen.<\/p>\n\n\n\n<p><strong>7. R\u00fccktritt vom Kurs<\/strong><\/p>\n\n\n\n<p>Sie k\u00f6nnen jederzeit\nvor Kursbeginn vom Kurs zur\u00fccktreten (bitte schriftlich). Wollen oder k\u00f6nnen\nSie am Kurs nicht teilnehmen, so verlieren wir den Anspruch auf die Kursgeb\u00fchr.\nStattdessen k\u00f6nnen wir eine angemessene Entsch\u00e4digung f\u00fcr die bis zum R\u00fccktritt\ngetroffenen Kursvorkehrungen und unsere Aufwendungen verlangen.<\/p>\n\n\n\n<p><strong>Die H\u00f6he des\nErsatzanspruches gliedert sich wie folgt:<br>\n&#8211; Kursabsage bis 2 Wochen vor Kursbeginn:&nbsp;&nbsp;&nbsp;&nbsp;&nbsp;&nbsp;&nbsp;&nbsp;\n0%<br>\n&#8211; Kursabsage bis 48 h vor\nKursbeginn:&nbsp;&nbsp;&nbsp;&nbsp;&nbsp;&nbsp;&nbsp;&nbsp;&nbsp;&nbsp;&nbsp;&nbsp;&nbsp;&nbsp;&nbsp;&nbsp;\n30%<br>\n&#8211; Kursabsage bis zur zweiten \u00dcbungseinheit:&nbsp;&nbsp;&nbsp;&nbsp;&nbsp; 50%<br>\n&#8211; Kursabsage nach der zweiten \u00dcbungseinheit: 100%<\/strong><\/p>\n\n\n\n<p>Ein R\u00fccktritt nach\nAblauf der genannten Fristen ist leider nicht mehr m\u00f6glich. Auch bei\nNichtteilnahme und Verhinderung wegen Krankheit m\u00fcssen die Kursgeb\u00fchren bezahlt\nwerden.<br>\nFinden Sie einen Ersatzteilnehmer, werden keine Ersatzanspr\u00fcche unserseits\ngestellt.<\/p>\n\n\n\n<p><strong>8. Haftung<\/strong><\/p>\n\n\n\n<p>Die Haftung des\nAnbieters, gleich aus welchem Rechtsgrund, ist auf Vorsatz und grobe\nFahrl\u00e4ssigkeit beschr\u00e4nkt. F\u00fcr Unf\u00e4lle w\u00e4hrend der Veranstaltung, auf dem Weg\nzur und von der Veranstaltungsst\u00e4tte sowie f\u00fcr Diebstahl und den Verlust oder\ndie Besch\u00e4digung von Gegenst\u00e4nden \u00fcbernimmt der Anbieter auch bei\nVeranstaltungen f\u00fcr Kinder und Jugendliche keine Haftung.<\/p>\n","protected":false},"excerpt":{"rendered":"<p>Allgemeine Gesch\u00e4ftsbedingungen f\u00fcr Pr\u00e4ventionskurse Hinweis: Die Kosten f\u00fcr die im Folgenden aufgelisteten Kurse (qualit\u00e4tsgesicherte Prim\u00e4rpr\u00e4ventionskurse gem\u00e4\u00df \u00a7 20 Abs. 1 und 2 SGB V Prim\u00e4rpr\u00e4vention) k\u00f6nnen von den Krankenkassen bis zu 80% f\u00fcr Erwachsene und bis zu 100% f\u00fcr Kinder \u00fcbernommen werden. Bitte erkundigen Sie sich vorher bei Ihrer Krankenkasse! Meine Kurse sind dort alle &hellip; <\/p>\n<p class=\"link-more\"><a href=\"https:\/\/at-in-krefeld.de\/?page_id=75\" class=\"more-link\"><span class=\"screen-reader-text\">\u201eAllgemeine Gesch\u00e4ftsbedingungen\u201c<\/span> weiterlesen<\/a><\/p>\n","protected":false},"author":1,"featured_media":0,"parent":0,"menu_order":0,"comment_status":"closed","ping_status":"closed","template":"","meta":[],"_links":{"self":[{"href":"https:\/\/at-in-krefeld.de\/index.php?rest_route=\/wp\/v2\/pages\/75"}],"collection":[{"href":"https:\/\/at-in-krefeld.de\/index.php?rest_route=\/wp\/v2\/pages"}],"about":[{"href":"https:\/\/at-in-krefeld.de\/index.php?rest_route=\/wp\/v2\/types\/page"}],"author":[{"embeddable":true,"href":"https:\/\/at-in-krefeld.de\/index.php?rest_route=\/wp\/v2\/users\/1"}],"replies":[{"embeddable":true,"href":"https:\/\/at-in-krefeld.de\/index.php?rest_route=%2Fwp%2Fv2%2Fcomments&post=75"}],"version-history":[{"count":1,"href":"https:\/\/at-in-krefeld.de\/index.php?rest_route=\/wp\/v2\/pages\/75\/revisions"}],"predecessor-version":[{"id":76,"href":"https:\/\/at-in-krefeld.de\/index.php?rest_route=\/wp\/v2\/pages\/75\/revisions\/76"}],"wp:attachment":[{"href":"https:\/\/at-in-krefeld.de\/index.php?rest_route=%2Fwp%2Fv2%2Fmedia&parent=75"}],"curies":[{"name":"wp","href":"https:\/\/api.w.org\/{rel}","templated":true}]}}