{"id":67,"date":"2020-03-03T09:52:01","date_gmt":"2020-03-03T09:52:01","guid":{"rendered":"http:\/\/web2.frangen.de\/?page_id=67"},"modified":"2020-03-03T09:52:01","modified_gmt":"2020-03-03T09:52:01","slug":"progressive-muskelentspannung-nach-jacobsen","status":"publish","type":"page","link":"https:\/\/at-in-krefeld.de\/?page_id=67","title":{"rendered":"Progressive Muskelentspannung nach Jacobsen"},"content":{"rendered":"\n<p><br>\u201eProgressiv\u201c, also Schritt f\u00fcr Schritt, wird der Wechsel von Anspannen und wieder Entspannen k\u00f6nnen bewusster gemacht und damit erlernt. Dieses Lernen geschieht aktiv und k\u00f6rperbewusst, anhand der wichtigsten Muskelgruppen, mit denen wir im Alltagsstress den entspannten Energiefluss immer wieder blockieren. Dieser Kurs vermittelt Ihnen die Grundlagen der Progressiven Muskelentspannung nach Jacobsen. Wir legen Wert auf die urspr\u00fcngliche Form, die eine hohe Alltagstauglichkeit verspricht. Vorkenntnisse sind nicht erforderlich. Geeignet als Vorbeugung von Stressbedingten Erkrankungen und zur Bew\u00e4ltigung von Belastendem wie Pr\u00fcfungen usw. <\/p>\n","protected":false},"excerpt":{"rendered":"<p>\u201eProgressiv\u201c, also Schritt f\u00fcr Schritt, wird der Wechsel von Anspannen und wieder Entspannen k\u00f6nnen bewusster gemacht und damit erlernt. Dieses Lernen geschieht aktiv und k\u00f6rperbewusst, anhand der wichtigsten Muskelgruppen, mit denen wir im Alltagsstress den entspannten Energiefluss immer wieder blockieren. Dieser Kurs vermittelt Ihnen die Grundlagen der Progressiven Muskelentspannung nach Jacobsen. Wir legen Wert auf &hellip; <\/p>\n<p class=\"link-more\"><a href=\"https:\/\/at-in-krefeld.de\/?page_id=67\" class=\"more-link\"><span class=\"screen-reader-text\">\u201eProgressive Muskelentspannung nach Jacobsen\u201c<\/span> weiterlesen<\/a><\/p>\n","protected":false},"author":1,"featured_media":0,"parent":0,"menu_order":0,"comment_status":"closed","ping_status":"closed","template":"","meta":[],"_links":{"self":[{"href":"https:\/\/at-in-krefeld.de\/index.php?rest_route=\/wp\/v2\/pages\/67"}],"collection":[{"href":"https:\/\/at-in-krefeld.de\/index.php?rest_route=\/wp\/v2\/pages"}],"about":[{"href":"https:\/\/at-in-krefeld.de\/index.php?rest_route=\/wp\/v2\/types\/page"}],"author":[{"embeddable":true,"href":"https:\/\/at-in-krefeld.de\/index.php?rest_route=\/wp\/v2\/users\/1"}],"replies":[{"embeddable":true,"href":"https:\/\/at-in-krefeld.de\/index.php?rest_route=%2Fwp%2Fv2%2Fcomments&post=67"}],"version-history":[{"count":1,"href":"https:\/\/at-in-krefeld.de\/index.php?rest_route=\/wp\/v2\/pages\/67\/revisions"}],"predecessor-version":[{"id":68,"href":"https:\/\/at-in-krefeld.de\/index.php?rest_route=\/wp\/v2\/pages\/67\/revisions\/68"}],"wp:attachment":[{"href":"https:\/\/at-in-krefeld.de\/index.php?rest_route=%2Fwp%2Fv2%2Fmedia&parent=67"}],"curies":[{"name":"wp","href":"https:\/\/api.w.org\/{rel}","templated":true}]}}