{"id":63,"date":"2020-03-03T09:50:56","date_gmt":"2020-03-03T09:50:56","guid":{"rendered":"http:\/\/web2.frangen.de\/?page_id=63"},"modified":"2020-03-03T09:50:57","modified_gmt":"2020-03-03T09:50:57","slug":"aktiv-gegen-stress","status":"publish","type":"page","link":"https:\/\/at-in-krefeld.de\/?page_id=63","title":{"rendered":"Aktiv gegen Stress"},"content":{"rendered":"\n<p>Stressbew\u00e4ltigung mit K\u00f6pfchen &amp; Bauch<\/p>\n\n\n\n<p>Dieser Kurs bietet individuelle Zug\u00e4nge und Tipps. Allzu oft f\u00fchlen wir uns im Alltag Ko, gestresst und unter Druck. Zeit ist ein kostbares Gut geworden, und selbst wenn wir versuchen uns zu erholen, kann es sein, dass wir uns danach nicht wirklich erholt f\u00fchlen. Das Erlernen einer Entspannungsmethode allein ist zuweilen noch nicht hilfreich genug. Dann ist es sinnvoll, sich noch anderes anzusehen: K\u00f6rperliche, psychische und soziale Vorg\u00e4nge und Entwicklungen haben auch Einfluss darauf, wie gut oder wie schlecht wir mit Stress umgehen k\u00f6nnen. Vorgestellt, erarbeitet und ge\u00fcbt werden mittels der anerkanntesten Methoden Fertigkeiten zum F\u00f6rdern der eigenen inneren Stabilit\u00e4ten (mentale Techniken, Tipps und Zug\u00e4nge, sich selbst besser zu regulieren und zu motivieren). In diesem Kurs zur Stressbew\u00e4ltigung erarbeiten wir uns eine tragf\u00e4hige, klare Struktur, die Ihnen helfen kann, sich besser und gelassener zu f\u00fchlen. Der Kurs beinhaltet auch die \u00dcbungen aus Autogenem Training&nbsp;&nbsp; und Progressiver Muskelentspannung.<\/p>\n","protected":false},"excerpt":{"rendered":"<p>Stressbew\u00e4ltigung mit K\u00f6pfchen &amp; Bauch Dieser Kurs bietet individuelle Zug\u00e4nge und Tipps. Allzu oft f\u00fchlen wir uns im Alltag Ko, gestresst und unter Druck. Zeit ist ein kostbares Gut geworden, und selbst wenn wir versuchen uns zu erholen, kann es sein, dass wir uns danach nicht wirklich erholt f\u00fchlen. Das Erlernen einer Entspannungsmethode allein ist &hellip; <\/p>\n<p class=\"link-more\"><a href=\"https:\/\/at-in-krefeld.de\/?page_id=63\" class=\"more-link\"><span class=\"screen-reader-text\">\u201eAktiv gegen Stress\u201c<\/span> weiterlesen<\/a><\/p>\n","protected":false},"author":1,"featured_media":0,"parent":0,"menu_order":0,"comment_status":"closed","ping_status":"closed","template":"","meta":[],"_links":{"self":[{"href":"https:\/\/at-in-krefeld.de\/index.php?rest_route=\/wp\/v2\/pages\/63"}],"collection":[{"href":"https:\/\/at-in-krefeld.de\/index.php?rest_route=\/wp\/v2\/pages"}],"about":[{"href":"https:\/\/at-in-krefeld.de\/index.php?rest_route=\/wp\/v2\/types\/page"}],"author":[{"embeddable":true,"href":"https:\/\/at-in-krefeld.de\/index.php?rest_route=\/wp\/v2\/users\/1"}],"replies":[{"embeddable":true,"href":"https:\/\/at-in-krefeld.de\/index.php?rest_route=%2Fwp%2Fv2%2Fcomments&post=63"}],"version-history":[{"count":1,"href":"https:\/\/at-in-krefeld.de\/index.php?rest_route=\/wp\/v2\/pages\/63\/revisions"}],"predecessor-version":[{"id":64,"href":"https:\/\/at-in-krefeld.de\/index.php?rest_route=\/wp\/v2\/pages\/63\/revisions\/64"}],"wp:attachment":[{"href":"https:\/\/at-in-krefeld.de\/index.php?rest_route=%2Fwp%2Fv2%2Fmedia&parent=63"}],"curies":[{"name":"wp","href":"https:\/\/api.w.org\/{rel}","templated":true}]}}