{"id":25,"date":"2020-03-02T15:48:24","date_gmt":"2020-03-02T15:48:24","guid":{"rendered":"http:\/\/web2.frangen.de\/?page_id=25"},"modified":"2022-02-21T16:52:03","modified_gmt":"2022-02-21T16:52:03","slug":"autogenes-training-fuer-einsteigerinnen-gruppenkurse-8-60-min","status":"publish","type":"page","link":"https:\/\/at-in-krefeld.de\/?page_id=25","title":{"rendered":"Autogenes Training f\u00fcr EinsteigerInnen Gruppenkurse 8 * 60 min"},"content":{"rendered":"\n<p><\/p>\n\n\n\n<p><\/p>\n\n\n\n<p>Prosana Krefeld Uerdingerstrasse 100 <\/p>\n\n\n\n<p>Start Mittwoch  16. M\u00e4rz Gruppenkurs f\u00fcr 8 Personen  18:30 &#8211; 19:30 Uhr 8 Treffen<br><\/p>\n\n\n\n<p><\/p>\n\n\n\n<p>Kurs Id  <strong>20191028-1146139<\/strong>     Kursgeb\u00fchr 100,00 \u20ac<\/p>\n\n\n\n<p><\/p>\n","protected":false},"excerpt":{"rendered":"<p>Prosana Krefeld Uerdingerstrasse 100 Start Mittwoch 16. M\u00e4rz Gruppenkurs f\u00fcr 8 Personen 18:30 &#8211; 19:30 Uhr 8 Treffen Kurs Id 20191028-1146139 Kursgeb\u00fchr 100,00 \u20ac<\/p>\n","protected":false},"author":1,"featured_media":0,"parent":0,"menu_order":0,"comment_status":"closed","ping_status":"closed","template":"","meta":[],"_links":{"self":[{"href":"https:\/\/at-in-krefeld.de\/index.php?rest_route=\/wp\/v2\/pages\/25"}],"collection":[{"href":"https:\/\/at-in-krefeld.de\/index.php?rest_route=\/wp\/v2\/pages"}],"about":[{"href":"https:\/\/at-in-krefeld.de\/index.php?rest_route=\/wp\/v2\/types\/page"}],"author":[{"embeddable":true,"href":"https:\/\/at-in-krefeld.de\/index.php?rest_route=\/wp\/v2\/users\/1"}],"replies":[{"embeddable":true,"href":"https:\/\/at-in-krefeld.de\/index.php?rest_route=%2Fwp%2Fv2%2Fcomments&post=25"}],"version-history":[{"count":12,"href":"https:\/\/at-in-krefeld.de\/index.php?rest_route=\/wp\/v2\/pages\/25\/revisions"}],"predecessor-version":[{"id":180,"href":"https:\/\/at-in-krefeld.de\/index.php?rest_route=\/wp\/v2\/pages\/25\/revisions\/180"}],"wp:attachment":[{"href":"https:\/\/at-in-krefeld.de\/index.php?rest_route=%2Fwp%2Fv2%2Fmedia&parent=25"}],"curies":[{"name":"wp","href":"https:\/\/api.w.org\/{rel}","templated":true}]}}